{"id":305,"date":"2024-02-01T23:17:21","date_gmt":"2024-02-01T22:17:21","guid":{"rendered":"http:\/\/www1.giannibianchini.it\/giannibianchini.it\/?page_id=305"},"modified":"2024-02-29T11:58:23","modified_gmt":"2024-02-29T10:58:23","slug":"performance","status":"publish","type":"page","link":"https:\/\/www.giannibianchini.it\/index.php\/performance\/","title":{"rendered":"Performance"},"content":{"rendered":"\t\t<div data-elementor-type=\"wp-page\" data-elementor-id=\"305\" class=\"elementor elementor-305\">\n\t\t\t\t<div class=\"wpr-jarallax elementor-element elementor-element-698cbc5 wpr-jarallax-yes e-flex e-con-boxed wpr-particle-no wpr-parallax-no wpr-sticky-section-no wpr-equal-height-no e-con e-parent\" speed-data=\"1.4\" bg-image=\"https:\/\/www.giannibianchini.it\/wp-content\/plugins\/elementor\/assets\/images\/placeholder.png\" bg-image-mobile=\"\" scroll-effect=\"scroll\" data-id=\"698cbc5\" data-element_type=\"container\" data-e-type=\"container\" data-settings=\"{&quot;background_background&quot;:&quot;classic&quot;}\">\n\t\t\t\t\t<div class=\"e-con-inner\">\n\t\t\t\t<div class=\"elementor-element elementor-element-0ce0f6e elementor-widget elementor-widget-spacer\" data-id=\"0ce0f6e\" data-element_type=\"widget\" data-e-type=\"widget\" data-widget_type=\"spacer.default\">\n\t\t\t\t<div class=\"elementor-widget-container\">\n\t\t\t\t\t\t\t<div class=\"elementor-spacer\">\n\t\t\t<div class=\"elementor-spacer-inner\"><\/div>\n\t\t<\/div>\n\t\t\t\t\t\t<\/div>\n\t\t\t\t<\/div>\n\t\t\t\t\t<\/div>\n\t\t\t\t<\/div>\n\t\t<div class=\"elementor-element elementor-element-301a206 e-flex e-con-boxed wpr-particle-no wpr-jarallax-no wpr-parallax-no wpr-sticky-section-no wpr-equal-height-no e-con e-parent\" data-id=\"301a206\" data-element_type=\"container\" data-e-type=\"container\">\n\t\t\t\t\t<div class=\"e-con-inner\">\n\t\t\t\t<div class=\"elementor-element elementor-element-f724d21 elementor-widget elementor-widget-spacer\" data-id=\"f724d21\" data-element_type=\"widget\" data-e-type=\"widget\" data-widget_type=\"spacer.default\">\n\t\t\t\t<div class=\"elementor-widget-container\">\n\t\t\t\t\t\t\t<div class=\"elementor-spacer\">\n\t\t\t<div class=\"elementor-spacer-inner\"><\/div>\n\t\t<\/div>\n\t\t\t\t\t\t<\/div>\n\t\t\t\t<\/div>\n\t\t\t\t\t<\/div>\n\t\t\t\t<\/div>\n\t\t<div class=\"elementor-element elementor-element-56831dd e-flex e-con-boxed wpr-particle-no wpr-jarallax-no wpr-parallax-no wpr-sticky-section-no wpr-equal-height-no e-con e-parent\" data-id=\"56831dd\" data-element_type=\"container\" data-e-type=\"container\">\n\t\t\t\t\t<div class=\"e-con-inner\">\n\t\t<div class=\"elementor-element elementor-element-fc763e6 e-con-full e-flex wpr-particle-no wpr-jarallax-no wpr-parallax-no wpr-sticky-section-no wpr-equal-height-no e-con e-child\" data-id=\"fc763e6\" data-element_type=\"container\" data-e-type=\"container\">\n\t\t\t\t<div class=\"elementor-element elementor-element-ce7c55a elementor-widget elementor-widget-heading\" data-id=\"ce7c55a\" data-element_type=\"widget\" data-e-type=\"widget\" data-widget_type=\"heading.default\">\n\t\t\t\t<div class=\"elementor-widget-container\">\n\t\t\t\t\t<h2 class=\"elementor-heading-title elementor-size-default\">analisi performance<\/h2>\t\t\t\t<\/div>\n\t\t\t\t<\/div>\n\t\t\t\t<div class=\"elementor-element elementor-element-b7c8d51 elementor-widget elementor-widget-text-editor\" data-id=\"b7c8d51\" data-element_type=\"widget\" data-e-type=\"widget\" data-widget_type=\"text-editor.default\">\n\t\t\t\t<div class=\"elementor-widget-container\">\n\t\t\t\t\t\t\t\t\t<p>L&#8217;ottimizzazione delle prestazioni delle barche a vela \u00e8 l&#8217;ambito dove la scienza incontra la passione per il mare. Il nostro servizio di analisi dei dati \u00e8 progettato per chi vuole spingere oltre i propri limiti e ottenere il massimo dalle loro imbarcazioni.<\/p><h6>Perch\u00e9 Analizzare i Dati della Tua Barca a Vela?<\/h6><p>Le barche a vela sono il risultato di una combinazione unica di fattori: dalla progettazione dello scafo alla scelta dei materiali, dalla configurazione delle vele alla gestione dell&#8217;equipaggio. Ogni componente contribuisce alle prestazioni complessive della barca. Ma come possiamo sapere se stiamo sfruttando appieno il suo potenziale? Qui entra in gioco l&#8217;analisi dei dati.<\/p>\t\t\t\t\t\t\t\t<\/div>\n\t\t\t\t<\/div>\n\t\t\t\t<\/div>\n\t\t<div class=\"elementor-element elementor-element-bb93b5e e-con-full e-flex wpr-particle-no wpr-jarallax-no wpr-parallax-no wpr-sticky-section-no wpr-equal-height-no e-con e-child\" data-id=\"bb93b5e\" data-element_type=\"container\" data-e-type=\"container\">\n\t\t\t\t<div class=\"elementor-element elementor-element-a507973 elementor-widget elementor-widget-image\" data-id=\"a507973\" data-element_type=\"widget\" data-e-type=\"widget\" data-widget_type=\"image.default\">\n\t\t\t\t<div class=\"elementor-widget-container\">\n\t\t\t\t\t\t\t\t\t\t\t\t\t\t\t<img fetchpriority=\"high\" decoding=\"async\" width=\"360\" height=\"270\" src=\"https:\/\/www.giannibianchini.it\/wp-content\/uploads\/2024\/02\/b2h-performance.png\" class=\"attachment-large size-large wp-image-222\" alt=\"\" srcset=\"https:\/\/www.giannibianchini.it\/wp-content\/uploads\/2024\/02\/b2h-performance.png 360w, https:\/\/www.giannibianchini.it\/wp-content\/uploads\/2024\/02\/b2h-performance-300x225.png 300w\" sizes=\"(max-width: 360px) 100vw, 360px\" \/>\t\t\t\t\t\t\t\t\t\t\t\t\t\t\t<\/div>\n\t\t\t\t<\/div>\n\t\t\t\t<\/div>\n\t\t<div class=\"elementor-element elementor-element-9b3c372 e-con-full e-flex wpr-particle-no wpr-jarallax-no wpr-parallax-no wpr-sticky-section-no wpr-equal-height-no e-con e-child\" data-id=\"9b3c372\" data-element_type=\"container\" data-e-type=\"container\">\n\t\t\t\t<div class=\"elementor-element elementor-element-c32ed20 elementor-widget elementor-widget-image\" data-id=\"c32ed20\" data-element_type=\"widget\" data-e-type=\"widget\" data-widget_type=\"image.default\">\n\t\t\t\t<div class=\"elementor-widget-container\">\n\t\t\t\t\t\t\t\t\t\t\t\t\t\t\t<img decoding=\"async\" width=\"1024\" height=\"768\" src=\"https:\/\/www.giannibianchini.it\/wp-content\/uploads\/2024\/02\/influence-1024x768.jpg\" class=\"attachment-large size-large wp-image-632\" alt=\"\" srcset=\"https:\/\/www.giannibianchini.it\/wp-content\/uploads\/2024\/02\/influence-1024x768.jpg 1024w, https:\/\/www.giannibianchini.it\/wp-content\/uploads\/2024\/02\/influence-300x225.jpg 300w, https:\/\/www.giannibianchini.it\/wp-content\/uploads\/2024\/02\/influence-768x576.jpg 768w, https:\/\/www.giannibianchini.it\/wp-content\/uploads\/2024\/02\/influence-1536x1152.jpg 1536w, https:\/\/www.giannibianchini.it\/wp-content\/uploads\/2024\/02\/influence.jpg 2048w\" sizes=\"(max-width: 1024px) 100vw, 1024px\" \/>\t\t\t\t\t\t\t\t\t\t\t\t\t\t\t<\/div>\n\t\t\t\t<\/div>\n\t\t\t\t<div class=\"elementor-element elementor-element-789e893 elementor-widget elementor-widget-image\" data-id=\"789e893\" data-element_type=\"widget\" data-e-type=\"widget\" data-widget_type=\"image.default\">\n\t\t\t\t<div class=\"elementor-widget-container\">\n\t\t\t\t\t\t\t\t\t\t\t\t\t\t\t<img decoding=\"async\" width=\"360\" height=\"270\" src=\"https:\/\/www.giannibianchini.it\/wp-content\/uploads\/2024\/02\/b2h-performance-1.png\" class=\"attachment-large size-large wp-image-224\" alt=\"\" srcset=\"https:\/\/www.giannibianchini.it\/wp-content\/uploads\/2024\/02\/b2h-performance-1.png 360w, https:\/\/www.giannibianchini.it\/wp-content\/uploads\/2024\/02\/b2h-performance-1-300x225.png 300w\" sizes=\"(max-width: 360px) 100vw, 360px\" \/>\t\t\t\t\t\t\t\t\t\t\t\t\t\t\t<\/div>\n\t\t\t\t<\/div>\n\t\t\t\t<\/div>\n\t\t<div class=\"elementor-element elementor-element-805daa0 e-con-full e-flex wpr-particle-no wpr-jarallax-no wpr-parallax-no wpr-sticky-section-no wpr-equal-height-no e-con e-child\" data-id=\"805daa0\" data-element_type=\"container\" data-e-type=\"container\">\n\t\t\t\t<div class=\"elementor-element elementor-element-c9379aa elementor-widget elementor-widget-text-editor\" data-id=\"c9379aa\" data-element_type=\"widget\" data-e-type=\"widget\" data-widget_type=\"text-editor.default\">\n\t\t\t\t<div class=\"elementor-widget-container\">\n\t\t\t\t\t\t\t\t\t<p>Il nostro servizio di analisi dei dati delle barche a vela offre una panoramica completa delle prestazioni della tua imbarcazione. Utilizzando tecnologie all&#8217;avanguardia e algoritmi sofisticati, analizziamo ogni aspetto del tuo yacht per identificare i punti di forza e di debolezza. Ecco cosa include il nostro servizio:<\/p><h6>Analisi delle Prestazioni<\/h6><p>Esaminiamo i dati raccolti durante le tue uscite in mare, analizzando le velocit\u00e0, le angolazioni di prua, le reazioni alle condizioni meteo e molto altro ancora. Questa analisi approfondita ti fornisce una visione chiara delle prestazioni attuali della tua barca.<\/p><h6>Studio dei Punti di Forza e Debolezza<\/h6><p>Identifichiamo gli elementi che contribuiscono in modo significativo alle tue prestazioni, cos\u00ec come quelli che potrebbero essere ottimizzati per migliorare le tue performance complessive. Questo ti permette di concentrare i tuoi sforzi sugli aspetti che hanno il maggior impatto.<\/p><h6>Costruzione di Polari Personalizzate<\/h6><p>Utilizzando i dati raccolti, creiamo polari personalizzate per la tua barca a vela. Queste polari sono strumenti essenziali per pianificare rotte ottimali, sia per le massime prestazioni in condizioni ideali sia per le regate lunghe, dove la strategia \u00e8 fondamentale.<\/p>\t\t\t\t\t\t\t\t<\/div>\n\t\t\t\t<\/div>\n\t\t\t\t<\/div>\n\t\t\t\t\t<\/div>\n\t\t\t\t<\/div>\n\t\t<div class=\"elementor-element elementor-element-3f39ef1 e-flex e-con-boxed wpr-particle-no wpr-jarallax-no wpr-parallax-no wpr-sticky-section-no wpr-equal-height-no e-con e-parent\" data-id=\"3f39ef1\" data-element_type=\"container\" data-e-type=\"container\">\n\t\t\t\t\t<div class=\"e-con-inner\">\n\t\t\t\t<div class=\"elementor-element elementor-element-b226061 elementor-widget elementor-widget-text-editor\" data-id=\"b226061\" data-element_type=\"widget\" data-e-type=\"widget\" data-widget_type=\"text-editor.default\">\n\t\t\t\t<div class=\"elementor-widget-container\">\n\t\t\t\t\t\t\t\t\t<h4>Il Nostro Obiettivo<\/h4><p>Il nostro obiettivo \u00e8 aiutarti a raggiungere il massimo delle prestazioni con la tua barca a vela. Che tu sia un regatante professionista o un appassionato di crociere, vogliamo fornirti le conoscenze e gli strumenti necessari per superare ogni sfida sul mare.<\/p>\t\t\t\t\t\t\t\t<\/div>\n\t\t\t\t<\/div>\n\t\t\t\t\t<\/div>\n\t\t\t\t<\/div>\n\t\t<div class=\"elementor-element elementor-element-c584ec2 e-flex e-con-boxed wpr-particle-no wpr-jarallax-no wpr-parallax-no wpr-sticky-section-no wpr-equal-height-no e-con e-parent\" data-id=\"c584ec2\" data-element_type=\"container\" data-e-type=\"container\" data-settings=\"{&quot;background_background&quot;:&quot;classic&quot;}\">\n\t\t\t\t\t<div class=\"e-con-inner\">\n\t\t\t\t<div class=\"elementor-element elementor-element-5966e8b elementor-widget elementor-widget-spacer\" data-id=\"5966e8b\" data-element_type=\"widget\" data-e-type=\"widget\" data-widget_type=\"spacer.default\">\n\t\t\t\t<div class=\"elementor-widget-container\">\n\t\t\t\t\t\t\t<div class=\"elementor-spacer\">\n\t\t\t<div class=\"elementor-spacer-inner\"><\/div>\n\t\t<\/div>\n\t\t\t\t\t\t<\/div>\n\t\t\t\t<\/div>\n\t\t\t\t\t<\/div>\n\t\t\t\t<\/div>\n\t\t\t\t<\/div>\n\t\t","protected":false},"excerpt":{"rendered":"<p>analisi performance L&#8217;ottimizzazione delle prestazioni delle barche a vela \u00e8 l&#8217;ambito dove la scienza incontra la passione per il mare. Il nostro servizio di analisi dei dati \u00e8 progettato per chi vuole spingere oltre i propri limiti e ottenere il massimo dalle loro imbarcazioni. Perch\u00e9 Analizzare i Dati della Tua Barca a Vela? Le barche a vela sono il risultato di una combinazione unica di fattori: dalla progettazione dello scafo alla scelta dei materiali, dalla configurazione delle vele alla gestione dell&#8217;equipaggio. Ogni componente contribuisce alle prestazioni complessive della barca. Ma come possiamo sapere se stiamo sfruttando appieno il suo potenziale? Qui entra in gioco l&#8217;analisi dei dati. Il nostro servizio di analisi dei dati delle barche a vela offre una panoramica completa delle prestazioni della tua imbarcazione. Utilizzando tecnologie all&#8217;avanguardia e algoritmi sofisticati, analizziamo ogni aspetto del tuo yacht per identificare i punti di forza e di debolezza. Ecco cosa include il nostro servizio: Analisi delle Prestazioni Esaminiamo i dati raccolti durante le tue uscite in mare, analizzando le velocit\u00e0, le angolazioni di prua, le reazioni alle condizioni meteo e molto altro ancora. Questa analisi approfondita ti fornisce una visione chiara delle prestazioni attuali della tua barca. Studio dei Punti di Forza e Debolezza Identifichiamo gli elementi che contribuiscono in modo significativo alle tue prestazioni, cos\u00ec come quelli che potrebbero essere ottimizzati per migliorare le tue performance complessive. Questo ti permette di concentrare i tuoi sforzi sugli aspetti che hanno il maggior impatto. Costruzione di Polari Personalizzate Utilizzando i dati raccolti, creiamo polari personalizzate per la tua barca a vela. Queste polari sono strumenti essenziali per pianificare rotte ottimali, sia per le massime prestazioni in condizioni ideali sia per le regate lunghe, dove la strategia \u00e8 fondamentale. Il Nostro Obiettivo Il nostro obiettivo \u00e8 aiutarti a raggiungere il massimo delle prestazioni con la tua barca a vela. Che tu sia un regatante professionista o un appassionato di crociere, vogliamo fornirti le conoscenze e gli strumenti necessari per superare ogni sfida sul mare.<\/p>\n","protected":false},"author":1,"featured_media":0,"parent":0,"menu_order":0,"comment_status":"closed","ping_status":"closed","template":"page-templates\/template-pagebuilder-full-width.php","meta":{"_monsterinsights_skip_tracking":false,"_monsterinsights_sitenote_active":false,"_monsterinsights_sitenote_note":"","_monsterinsights_sitenote_category":0,"neve_meta_sidebar":"","neve_meta_container":"","neve_meta_enable_content_width":"","neve_meta_content_width":0,"neve_meta_title_alignment":"","neve_meta_author_avatar":"","neve_post_elements_order":"","neve_meta_disable_header":"","neve_meta_disable_footer":"","neve_meta_disable_title":"","footnotes":""},"class_list":["post-305","page","type-page","status-publish","hentry"],"_links":{"self":[{"href":"https:\/\/www.giannibianchini.it\/index.php\/wp-json\/wp\/v2\/pages\/305","targetHints":{"allow":["GET"]}}],"collection":[{"href":"https:\/\/www.giannibianchini.it\/index.php\/wp-json\/wp\/v2\/pages"}],"about":[{"href":"https:\/\/www.giannibianchini.it\/index.php\/wp-json\/wp\/v2\/types\/page"}],"author":[{"embeddable":true,"href":"https:\/\/www.giannibianchini.it\/index.php\/wp-json\/wp\/v2\/users\/1"}],"replies":[{"embeddable":true,"href":"https:\/\/www.giannibianchini.it\/index.php\/wp-json\/wp\/v2\/comments?post=305"}],"version-history":[{"count":7,"href":"https:\/\/www.giannibianchini.it\/index.php\/wp-json\/wp\/v2\/pages\/305\/revisions"}],"predecessor-version":[{"id":659,"href":"https:\/\/www.giannibianchini.it\/index.php\/wp-json\/wp\/v2\/pages\/305\/revisions\/659"}],"wp:attachment":[{"href":"https:\/\/www.giannibianchini.it\/index.php\/wp-json\/wp\/v2\/media?parent=305"}],"curies":[{"name":"wp","href":"https:\/\/api.w.org\/{rel}","templated":true}]}}